{"id":19,"date":"2015-02-13T12:20:43","date_gmt":"2015-02-13T12:20:43","guid":{"rendered":"http:\/\/www.marietta-schuerholz.de\/?page_id=19"},"modified":"2020-12-07T21:42:29","modified_gmt":"2020-12-07T21:42:29","slug":"was-ich-in-unsere-zusammenarbeit-einbringe","status":"publish","type":"page","link":"https:\/\/www.marietta-schuerholz.de\/?page_id=19","title":{"rendered":"SCHREIBEN"},"content":{"rendered":"<h3><span style=\"color: #008000;\">&#8222;Triffst Du nur das Zauberwort&#8220;\u00a0<\/span><\/h3>\n<p>Als es in der Schule darum ging Aufs\u00e4tze vorzulesen, war mein Arm immer oben. Dass man sich damit keine Freunde macht, ist klar. Aber warum eine tiefe Liebe verraten, wenn es meine Wonne ist, mit Worten Welten zu schaffen? Sprache war von fr\u00fch an eine Leidenschaft und wurde sp\u00e4ter zur t\u00e4gliche Praxis. Seit mehr als drei\u00dfig Jahren arbeite ich als Journalistin und Autorin, texte, redigiere und lektoriere. Schreibend verstehe ich mich und mein Gegen\u00fcber, sei es einen\u00a0Menschen, ein Kunstwerk, ein Unternehmen. Worte sind f\u00fcr mich feine Werkzeuge, um Wirklichkeit zu erhellen oder neue, bezaubernde Geschichten zu schreiben.<\/p>\n<p><a href=\"http:\/\/www.marietta-schuerholz.de\/wp-content\/uploads\/2015\/02\/IMG_3490-e1489524201534.jpg\"><img loading=\"lazy\" decoding=\"async\" class=\"size-medium wp-image-366 alignright\" src=\"http:\/\/www.marietta-schuerholz.de\/wp-content\/uploads\/2015\/02\/IMG_3490-e1489524201534-225x300.jpg\" alt=\"\" width=\"225\" height=\"300\" srcset=\"https:\/\/www.marietta-schuerholz.de\/wp-content\/uploads\/2015\/02\/IMG_3490-e1489524201534-225x300.jpg 225w, https:\/\/www.marietta-schuerholz.de\/wp-content\/uploads\/2015\/02\/IMG_3490-e1489524201534-768x1024.jpg 768w\" sizes=\"auto, (max-width: 225px) 100vw, 225px\" \/><\/a><\/p>\n<p>Wenn Sie sich, ihre Arbeit oder ihre Absicht pr\u00e4ziser, pr\u00e4gnanter oder poetischer darstellen m\u00f6chten, und wenn Sie beim Finden von Worten Unterst\u00fctzung brauchen, dann lassen Sie uns die S\u00e4tze gemeinsam finden, die beschreiben, wohin Sie m\u00f6chten.<\/p>\n<p>&#8222;\u2026\u00a0<em>It was a great pleasure to meet and talk with you in Helfensteine. The interview as you wrote it up in Buddhismus Actuell is excellent; it beautifully captures the spirit in which I offer the work. \u00a0As a matter of fact, as I read it, I kept wanting to underline certain passages as if they were interesting new thoughts! \u00a0Thank you for the sensitivity of understanding you brought to the interview itself and to the final version.\u00a0\u2026<\/em><em>&#8220; \u00a0Reaktion der\u00a0Tiefen\u00f6kologin\u00a0Joanna Macy auf die Ver\u00f6ffentlichung eines Gespr\u00e4chs mit ihr f\u00fcr die\u00a0Zeitschrift Buddhismus Aktuell .<a href=\"http:\/\/www.marietta-schuerholz.de\/wp-content\/uploads\/2015\/02\/Seiten-aus-BaE-4-13-.pdf\">Seiten aus BaE 4-13<\/a>\u00a0\u00a0<\/em><\/p>\n<p>Auftraggeber und Gespr\u00e4chspartern u.a.\u00a0Aditi Devi Ma,\u00a0Akon Rinpoche,\u00a0Andreas Schwarz,\u00a0Angela Farmer, Atum O\u00b4Caine,\u00a0Brad Warner,\u00a0Charles Eisenstein,\u00a0Ch\u00f6kyi Nyima Rinpoche, Clemens Kuby,\u00a0David Abram,\u00a0David Less (Shahabudin),\u00a0David Steindl Rast,\u00a0Diane Hamilton,\u00a0Fred von Allmen,\u00a0Ian Baker,\u00a0Jetsunma Tensin Palmo,\u00a0Joanna Macy,\u00a0Martine Batschelor,\u00a0Pakschok Rinpoche,\u00a0Peter Cornish,\u00a0Rita Riniker,\u00a0Sakyong Myipam Rinpoche,\u00a0Scialla Elworthy,\u00a0Shambavi Chopra,\u00a0Sobonfu Som\u00e9,\u00a0Sofia Diaz,\u00a0Steven Batchelor,\u00a0Thomas H\u00fcbl,\u00a0Tsoknyi Rinpoche,\u00a0Ts\u00fcltrim Allione,\u00a0Victor Laszlo.<\/p>\n<p>Ver\u00f6ffentlichungen und Organe siehe: Person\/Kontakt.<\/p>\n<p>&nbsp;<\/p>\n<p>&nbsp;<\/p>\n<p>&nbsp;<\/p>\n<p>&nbsp;<\/p>\n<p>&nbsp;<\/p>\n","protected":false},"excerpt":{"rendered":"<p>&#8222;Triffst Du nur das Zauberwort&#8220;\u00a0 Als es in der Schule darum ging Aufs\u00e4tze vorzulesen, war mein Arm immer oben. Dass man sich damit keine Freunde macht, ist klar. Aber warum eine tiefe Liebe verraten, wenn es meine Wonne ist, mit Worten Welten zu schaffen? Sprache war von fr\u00fch an eine Leidenschaft und wurde sp\u00e4ter zur [&hellip;]<\/p>\n","protected":false},"author":1,"featured_media":0,"parent":0,"menu_order":8,"comment_status":"closed","ping_status":"closed","template":"","meta":{"footnotes":""},"class_list":["post-19","page","type-page","status-publish","hentry"],"_links":{"self":[{"href":"https:\/\/www.marietta-schuerholz.de\/index.php?rest_route=\/wp\/v2\/pages\/19","targetHints":{"allow":["GET"]}}],"collection":[{"href":"https:\/\/www.marietta-schuerholz.de\/index.php?rest_route=\/wp\/v2\/pages"}],"about":[{"href":"https:\/\/www.marietta-schuerholz.de\/index.php?rest_route=\/wp\/v2\/types\/page"}],"author":[{"embeddable":true,"href":"https:\/\/www.marietta-schuerholz.de\/index.php?rest_route=\/wp\/v2\/users\/1"}],"replies":[{"embeddable":true,"href":"https:\/\/www.marietta-schuerholz.de\/index.php?rest_route=%2Fwp%2Fv2%2Fcomments&post=19"}],"version-history":[{"count":47,"href":"https:\/\/www.marietta-schuerholz.de\/index.php?rest_route=\/wp\/v2\/pages\/19\/revisions"}],"predecessor-version":[{"id":495,"href":"https:\/\/www.marietta-schuerholz.de\/index.php?rest_route=\/wp\/v2\/pages\/19\/revisions\/495"}],"wp:attachment":[{"href":"https:\/\/www.marietta-schuerholz.de\/index.php?rest_route=%2Fwp%2Fv2%2Fmedia&parent=19"}],"curies":[{"name":"wp","href":"https:\/\/api.w.org\/{rel}","templated":true}]}}